{"id":4159,"date":"2023-10-09T00:50:25","date_gmt":"2023-10-09T03:50:25","guid":{"rendered":"https:\/\/clustermultimedios.online\/?page_id=4159"},"modified":"2023-10-09T01:19:06","modified_gmt":"2023-10-09T04:19:06","slug":"locales","status":"publish","type":"page","link":"https:\/\/clustermultimedios.online\/?page_id=4159","title":{"rendered":"LOCALES"},"content":{"rendered":"\n<div class=\"wp-block-group is-vertical is-layout-flex wp-container-core-group-is-layout-fe9cc265 wp-block-group-is-layout-flex\"><div class=\"feedzy-908a1e8d0d9897d18ad156f24813964b feedzy-rss\"><ul><li  style=\"padding: 23px 0 39px\" class=\"rss_item\"><div class=\"rss_image\" style=\"height:232px;width:232px;\"><a href=\"https:\/\/www.infobrisas.com\/noticias\/2026\/04\/16\/92233-neme-y-el-demantelamiento-de-la-feria-bristol-el-espacio-publico-es-de-todos-los-vecinos-y-no-de-algunos-pocos\" target=\"_blank\" rel=\" noopener\" title=\"Neme y el demantelamiento de la feria Bristol:  \"el espacio p\u00fablico es de todos los vecinos y no de algunos pocos\u201d.\" style=\"height:232px;width:232px;\"><img decoding=\"async\" src=\"https:\/\/infobrisas-s3.cdn.net.ar\/s3i233\/2026\/04\/infobrisas\/images\/02\/55\/52\/2555294_ef4ea4aee421d73fd484fd1bdfe8fdd9e6542662dd3254ab17485384f2982579\/md.webp\" title=\"Neme y el demantelamiento de la feria Bristol:  &quot;el espacio p\u00fablico es de todos los vecinos y no de algunos pocos\u201d.\" style=\"height:232px;width:232px;\"><\/a><\/div><span class=\"title\"><a href=\"https:\/\/www.infobrisas.com\/noticias\/2026\/04\/16\/92233-neme-y-el-demantelamiento-de-la-feria-bristol-el-espacio-publico-es-de-todos-los-vecinos-y-no-de-algunos-pocos\" target=\"_blank\" rel=\" noopener\">Neme y el demantelamiento de la feria Bristol:  &#8220;el espacio p\u00fablico es de todos los vecinos y no de algunos pocos\u201d.<\/a><\/span><div class=\"rss_content\" style=\"\"><small>on 16 April, 2026 at 1:01 pm <\/small><p>El intendente respald\u00f3 la medida judicial y acompa\u00f1\u00f3 con la decisi\u00f3n de demoler la estructura existente para despejar ese sector de paseo a nivel de playa.<\/p><\/div><\/li><li  style=\"padding: 23px 0 39px\" class=\"rss_item\"><div class=\"rss_image\" style=\"height:232px;width:232px;\"><a href=\"https:\/\/www.infobrisas.com\/noticias\/2026\/04\/16\/92232-ministro-correa-se-reunio-con-gremios-del-puerto-en-mar-del-plata\" target=\"_blank\" rel=\" noopener\" title=\"Ministro Correa se reuni\u00f3 con gremios del puerto en Mar del Plata\" style=\"height:232px;width:232px;\"><img decoding=\"async\" src=\"https:\/\/infobrisas-s3.cdn.net.ar\/s3i233\/2026\/04\/infobrisas\/images\/02\/55\/52\/2555290_ea6f3288aaa31af9f4cbc07c04e90c2467606d48e361ce176ca71fd54fcf4286\/md.webp\" title=\"Ministro Correa se reuni\u00f3 con gremios del puerto en Mar del Plata\" style=\"height:232px;width:232px;\"><\/a><\/div><span class=\"title\"><a href=\"https:\/\/www.infobrisas.com\/noticias\/2026\/04\/16\/92232-ministro-correa-se-reunio-con-gremios-del-puerto-en-mar-del-plata\" target=\"_blank\" rel=\" noopener\">Ministro Correa se reuni\u00f3 con gremios del puerto en Mar del Plata<\/a><\/span><div class=\"rss_content\" style=\"\"><small>on 16 April, 2026 at 12:56 pm <\/small><p>Los gremios del puerto en Mar del Plata mantuvieron un encuentro con el Ministro Correa en la CGT local.<\/p><\/div><\/li><li  style=\"padding: 23px 0 39px\" class=\"rss_item\"><div class=\"rss_image\" style=\"height:232px;width:232px;\"><a href=\"https:\/\/www.infobrisas.com\/noticias\/2026\/04\/16\/92227-denuncian-problemas-en-el-edificio-del-isfd-84\" target=\"_blank\" rel=\" noopener\" title=\"Denuncian problemas en el edificio del ISFD 84\" style=\"height:232px;width:232px;\"><img decoding=\"async\" src=\"https:\/\/infobrisas-s3.cdn.net.ar\/s3i233\/2026\/04\/infobrisas\/images\/02\/55\/51\/2555139_309056d3dcbd184f377b609627e28453b7c09a4dfcaf70e51b0f8c4bd133313c\/md.webp\" title=\"Denuncian problemas en el edificio del ISFD 84\" style=\"height:232px;width:232px;\"><\/a><\/div><span class=\"title\"><a href=\"https:\/\/www.infobrisas.com\/noticias\/2026\/04\/16\/92227-denuncian-problemas-en-el-edificio-del-isfd-84\" target=\"_blank\" rel=\" noopener\">Denuncian problemas en el edificio del ISFD 84<\/a><\/span><div class=\"rss_content\" style=\"\"><small>on 16 April, 2026 at 12:04 pm <\/small><p>Los problemas edilicios en el ISFD 84 obligaron a suspender clases presenciales, afectando la cursada de estudiantes de educaci\u00f3n f\u00edsica.<\/p><\/div><\/li><li  style=\"padding: 23px 0 39px\" class=\"rss_item\"><div class=\"rss_image\" style=\"height:232px;width:232px;\"><a href=\"https:\/\/www.infobrisas.com\/noticias\/2026\/04\/16\/92225-la-ucip-celebro-el-operativo-en-la-feria-de-la-rambla-el-comercio-ilegal-perjudica-a-quienes-cumplen-con-la-ley\" target=\"_blank\" rel=\" noopener\" title=\"La UCIP celebr\u00f3 el operativo en la Feria de la Rambla: \"El comercio ilegal perjudica a quienes cumplen con la ley\"\" style=\"height:232px;width:232px;\"><img decoding=\"async\" src=\"https:\/\/infobrisas-s3.cdn.net.ar\/s3i233\/2026\/04\/infobrisas\/images\/02\/55\/50\/2555082_c48589898c6b1cac71cf6a96e5b974083ebfdb36a1c782dd12d9780e51881a2c\/md.webp\" title=\"La UCIP celebr\u00f3 el operativo en la Feria de la Rambla: &quot;El comercio ilegal perjudica a quienes cumplen con la ley&quot;\" style=\"height:232px;width:232px;\"><\/a><\/div><span class=\"title\"><a href=\"https:\/\/www.infobrisas.com\/noticias\/2026\/04\/16\/92225-la-ucip-celebro-el-operativo-en-la-feria-de-la-rambla-el-comercio-ilegal-perjudica-a-quienes-cumplen-con-la-ley\" target=\"_blank\" rel=\" noopener\">La UCIP celebr\u00f3 el operativo en la Feria de la Rambla: &#8220;El comercio ilegal perjudica a quienes cumplen con la ley&#8221;<\/a><\/span><div class=\"rss_content\" style=\"\"><small>on 16 April, 2026 at 11:36 am <\/small><p>La entidad empresaria destac\u00f3 la intervenci\u00f3n judicial contra la feria ilegal, pero advirti\u00f3 que el comercio informal sigue siendo un problema estructural que afecta a los comerciantes formales.<\/p><\/div><\/li><li  style=\"padding: 23px 0 39px\" class=\"rss_item\"><div class=\"rss_image\" style=\"height:232px;width:232px;\"><a href=\"https:\/\/www.infobrisas.com\/noticias\/2026\/04\/16\/92223-desmantelan-la-feria-de-la-rambla-topadoras-camiones-y-fuerte-despliegue-municipal\" target=\"_blank\" rel=\" noopener\" title=\"Desmantelan la Feria de la Rambla: topadoras, camiones y fuerte despliegue municipal\" style=\"height:232px;width:232px;\"><img decoding=\"async\" src=\"https:\/\/infobrisas-s3.cdn.net.ar\/s3i233\/2026\/04\/infobrisas\/images\/02\/55\/50\/2555055_4e356eded3118e6f60bf342fa3116294566d8cb7721a26fdcd07a9896d55db1f\/md.webp\" title=\"Desmantelan la Feria de la Rambla: topadoras, camiones y fuerte despliegue municipal\" style=\"height:232px;width:232px;\"><\/a><\/div><span class=\"title\"><a href=\"https:\/\/www.infobrisas.com\/noticias\/2026\/04\/16\/92223-desmantelan-la-feria-de-la-rambla-topadoras-camiones-y-fuerte-despliegue-municipal\" target=\"_blank\" rel=\" noopener\">Desmantelan la Feria de la Rambla: topadoras, camiones y fuerte despliegue municipal<\/a><\/span><div class=\"rss_content\" style=\"\"><small>on 16 April, 2026 at 10:33 am <\/small><p>Desde la madrugada, un fuerte despliegue con maquinaria pesada avanza sobre las estructuras. Se estima el retiro de materiales en unos 50 camiones y el desmantelamiento de 168 puestos.<\/p><\/div><\/li><li  style=\"padding: 23px 0 39px\" class=\"rss_item\"><div class=\"rss_image\" style=\"height:232px;width:232px;\"><a href=\"https:\/\/www.infobrisas.com\/noticias\/2026\/04\/16\/92222-como-estara-el-tiempo-este-jueves-en-mar-del-plata\" target=\"_blank\" rel=\" noopener\" title=\"C\u00f3mo estar\u00e1 el tiempo este jueves en Mar del Plata\" style=\"height:232px;width:232px;\"><img decoding=\"async\" src=\"https:\/\/infobrisas-s3.cdn.net.ar\/s3i233\/2024\/08\/infobrisas\/images\/95\/82\/958296_6982dde1ca764573d377de3a61721bf4c421b253d00cca01bc6d70449c501fcd\/md.webp\" title=\"C\u00f3mo estar\u00e1 el tiempo este jueves en Mar del Plata\" style=\"height:232px;width:232px;\"><\/a><\/div><span class=\"title\"><a href=\"https:\/\/www.infobrisas.com\/noticias\/2026\/04\/16\/92222-como-estara-el-tiempo-este-jueves-en-mar-del-plata\" target=\"_blank\" rel=\" noopener\">C\u00f3mo estar\u00e1 el tiempo este jueves en Mar del Plata<\/a><\/span><div class=\"rss_content\" style=\"\"><small>on 16 April, 2026 at 9:55 am <\/small><p>El meteor\u00f3logo Pedro Mazza dio detalles del pron\u00f3stico del tiempo donde esperan lluvias y una temperatura m\u00e1xima de 20 grados.<\/p><\/div><\/li><li  style=\"padding: 23px 0 39px\" class=\"rss_item\"><div class=\"rss_image\" style=\"height:232px;width:232px;\"><a href=\"https:\/\/www.infobrisas.com\/noticias\/2026\/04\/15\/92220-abogado-de-rivero-no-sabemos-de-que-se-lo-acusa\" target=\"_blank\" rel=\" noopener\" title=\"Abogado de Rivero: \u201cNo sabemos de qu\u00e9 se lo acusa\u201d\" style=\"height:232px;width:232px;\"><img decoding=\"async\" src=\"https:\/\/infobrisas-s3.cdn.net.ar\/s3i233\/2026\/04\/infobrisas\/images\/02\/55\/47\/2554797_b8e8ae8fe72544b2bfa9cc8450579a3f37e816260255d911ab54f1096d14ad79\/md.webp\" title=\"Abogado de Rivero: \u201cNo sabemos de qu\u00e9 se lo acusa\u201d\" style=\"height:232px;width:232px;\"><\/a><\/div><span class=\"title\"><a href=\"https:\/\/www.infobrisas.com\/noticias\/2026\/04\/15\/92220-abogado-de-rivero-no-sabemos-de-que-se-lo-acusa\" target=\"_blank\" rel=\" noopener\">Abogado de Rivero: \u201cNo sabemos de qu\u00e9 se lo acusa\u201d<\/a><\/span><div class=\"rss_content\" style=\"\"><small>on 15 April, 2026 at 10:01 pm <\/small><p>El operativo en la Rambla de Mar del Plata deriv\u00f3 en la aprehensi\u00f3n de Walter Rivero, secretario del SIVARA.<\/p><\/div><\/li><li  style=\"padding: 23px 0 39px\" class=\"rss_item\"><div class=\"rss_image\" style=\"height:232px;width:232px;\"><a href=\"https:\/\/www.infobrisas.com\/noticias\/2026\/04\/15\/92219-repartidores-destacaron-el-fallo-judicial-que-los-reconoce-como-empleados-es-un-paso-importante\" target=\"_blank\" rel=\" noopener\" title=\"Repartidores destacaron el fallo judicial que los reconoce como empleados: \u201cEs un paso importante\u201c\" style=\"height:232px;width:232px;\"><img decoding=\"async\" src=\"https:\/\/infobrisas-s3.cdn.net.ar\/s3i233\/2025\/03\/infobrisas\/images\/01\/74\/46\/1744653_630ed4f4f36fe230cb2ba72a9b000a0027421e6e3b3a18de4ac5636487f8a536\/md.webp\" title=\"Repartidores destacaron el fallo judicial que los reconoce como empleados: \u201cEs un paso importante\u201c\" style=\"height:232px;width:232px;\"><\/a><\/div><span class=\"title\"><a href=\"https:\/\/www.infobrisas.com\/noticias\/2026\/04\/15\/92219-repartidores-destacaron-el-fallo-judicial-que-los-reconoce-como-empleados-es-un-paso-importante\" target=\"_blank\" rel=\" noopener\">Repartidores destacaron el fallo judicial que los reconoce como empleados: \u201cEs un paso importante\u201c<\/a><\/span><div class=\"rss_content\" style=\"\"><small>on 15 April, 2026 at 9:51 pm <\/small><p>En di\u00e1logo con Radio Brisas, el referente del SICAMM Alan Veltri, valor\u00f3 el fallo judicial y afirm\u00f3 que \u201ces un avance hacia condiciones laborales m\u00e1s dignas para los repartidores\u201d.<\/p><\/div><\/li><li  style=\"padding: 23px 0 39px\" class=\"rss_item\"><div class=\"rss_image\" style=\"height:232px;width:232px;\"><a href=\"https:\/\/www.infobrisas.com\/noticias\/2026\/04\/15\/92213-pagamos-millones-y-no-tenemos-respuestas-fuerte-testimonio-tras-el-operativo-en-la-feria\" target=\"_blank\" rel=\" noopener\" title=\"\u201cPagamos millones y no tenemos respuestas\u201d: fuerte testimonio tras el operativo en la feria\" style=\"height:232px;width:232px;\"><img decoding=\"async\" src=\"https:\/\/infobrisas-s3.cdn.net.ar\/s3i233\/2026\/04\/infobrisas\/images\/02\/55\/40\/2554033_6e29a47f3735417169379018b9cbe2c2a701a6427b74d5366bf964596ee8f8e9\/md.webp\" title=\"\u201cPagamos millones y no tenemos respuestas\u201d: fuerte testimonio tras el operativo en la feria\" style=\"height:232px;width:232px;\"><\/a><\/div><span class=\"title\"><a href=\"https:\/\/www.infobrisas.com\/noticias\/2026\/04\/15\/92213-pagamos-millones-y-no-tenemos-respuestas-fuerte-testimonio-tras-el-operativo-en-la-feria\" target=\"_blank\" rel=\" noopener\">\u201cPagamos millones y no tenemos respuestas\u201d: fuerte testimonio tras el operativo en la feria<\/a><\/span><div class=\"rss_content\" style=\"\"><small>on 15 April, 2026 at 8:01 pm <\/small><p>En medio del operativo, feriantes manifestaron su preocupaci\u00f3n por la situaci\u00f3n. Ana, una de las trabajadoras del lugar, relat\u00f3 al m\u00f3vil de Radio Brisas que se enter\u00f3 de lo que ocurr\u00eda cuando no estaba en su puesto.<\/p><\/div><\/li><li  style=\"padding: 23px 0 39px\" class=\"rss_item\"><div class=\"rss_image\" style=\"height:232px;width:232px;\"><a href=\"https:\/\/www.infobrisas.com\/noticias\/2026\/04\/15\/92211-la-unmdp-fue-elegida-para-liderar-la-red-interuniversitaria-de-genero\" target=\"_blank\" rel=\" noopener\" title=\"La UNMdP fue elegida para liderar la Red Interuniversitaria de G\u00e9nero\" style=\"height:232px;width:232px;\"><img decoding=\"async\" src=\"https:\/\/infobrisas-s3.cdn.net.ar\/s3i233\/2026\/04\/infobrisas\/images\/02\/55\/44\/2554487_fc24346cf1f5a322c8dfa6a40869be96ce8cd3bebb5c0398658f3aa52f763c90\/md.webp\" title=\"La UNMdP fue elegida para liderar la Red Interuniversitaria de G\u00e9nero\" style=\"height:232px;width:232px;\"><\/a><\/div><span class=\"title\"><a href=\"https:\/\/www.infobrisas.com\/noticias\/2026\/04\/15\/92211-la-unmdp-fue-elegida-para-liderar-la-red-interuniversitaria-de-genero\" target=\"_blank\" rel=\" noopener\">La UNMdP fue elegida para liderar la Red Interuniversitaria de G\u00e9nero<\/a><\/span><div class=\"rss_content\" style=\"\"><small>on 15 April, 2026 at 7:15 pm <\/small><p>La designaci\u00f3n reconoce el trabajo sostenido de la casa de estudios marplatense en la implementaci\u00f3n de pol\u00edticas de g\u00e9nero.<\/p><\/div><\/li><\/ul> <\/div><style type=\"text\/css\" media=\"all\">.feedzy-rss .rss_item .rss_image{float:left;position:relative;border:none;text-decoration:none;max-width:100%}.feedzy-rss .rss_item .rss_image span{display:inline-block;position:absolute;width:100%;height:100%;background-position:50%;background-size:cover}.feedzy-rss .rss_item .rss_image{margin:.3em 1em 0 0;content-visibility:auto}.feedzy-rss ul{list-style:none}.feedzy-rss ul li{display:inline-block}<\/style><\/div>\n","protected":false},"excerpt":{"rendered":"","protected":false},"author":1,"featured_media":0,"parent":0,"menu_order":0,"comment_status":"closed","ping_status":"closed","template":"","meta":{"_monsterinsights_skip_tracking":false,"_monsterinsights_sitenote_active":false,"_monsterinsights_sitenote_note":"","_monsterinsights_sitenote_category":0,"footnotes":""},"class_list":["post-4159","page","type-page","status-publish","hentry"],"_links":{"self":[{"href":"https:\/\/clustermultimedios.online\/index.php?rest_route=\/wp\/v2\/pages\/4159","targetHints":{"allow":["GET"]}}],"collection":[{"href":"https:\/\/clustermultimedios.online\/index.php?rest_route=\/wp\/v2\/pages"}],"about":[{"href":"https:\/\/clustermultimedios.online\/index.php?rest_route=\/wp\/v2\/types\/page"}],"author":[{"embeddable":true,"href":"https:\/\/clustermultimedios.online\/index.php?rest_route=\/wp\/v2\/users\/1"}],"replies":[{"embeddable":true,"href":"https:\/\/clustermultimedios.online\/index.php?rest_route=%2Fwp%2Fv2%2Fcomments&post=4159"}],"version-history":[{"count":6,"href":"https:\/\/clustermultimedios.online\/index.php?rest_route=\/wp\/v2\/pages\/4159\/revisions"}],"predecessor-version":[{"id":4208,"href":"https:\/\/clustermultimedios.online\/index.php?rest_route=\/wp\/v2\/pages\/4159\/revisions\/4208"}],"wp:attachment":[{"href":"https:\/\/clustermultimedios.online\/index.php?rest_route=%2Fwp%2Fv2%2Fmedia&parent=4159"}],"curies":[{"name":"wp","href":"https:\/\/api.w.org\/{rel}","templated":true}]}}